{"id":24,"date":"2016-04-24T09:35:08","date_gmt":"2016-04-24T13:35:08","guid":{"rendered":"http:\/\/lc-ing.com\/lc-test\/?page_id=24"},"modified":"2022-05-27T07:16:11","modified_gmt":"2022-05-27T11:16:11","slug":"a-propos","status":"publish","type":"page","link":"http:\/\/lc-ing.com\/lc-test\/a-propos\/","title":{"rendered":"\u00c0 propos"},"content":{"rendered":"<p>[vc_row][vc_column el_class=\u00a0\u00bbLarocque &#8211; Cournoyer\u00a0\u00bb]<div class=\"dt-fancy-separator h1-size style-disabled accent-title-color\" style=\"width: 100%;\"><div class=\"dt-fancy-title\"><span class=\"separator-holder separator-left\"><\/span>Larocque - Cournoyer<span class=\"separator-holder separator-right\"><\/span><\/div><\/div>[vc_tta_tabs style=\u00a0\u00bbmodern\u00a0\u00bb color=\u00a0\u00bbblue\u00a0\u00bb spacing=\u00a0\u00bb20&Prime; active_section=\u00a0\u00bb1&Prime;][vc_tta_section title=\u00a0\u00bbNotre mission\u00a0\u00bb tab_id=\u00a0\u00bb1587563633017-33d8998c-04eb\u00a0\u00bb][vc_column_text]<\/p>\n<div class=\"WordSection1\">\n<div class=\"\">\n<div class=\"\">\n<div class=\"\">\n<div class=\"\">\n<div class=\"\" style=\"text-align: left;\"><span class=\"texteBleu\"><strong>NOTRE MISSION<\/strong><\/span><\/div>\n<\/div>\n<\/div>\n<\/div>\n<\/div>\n<\/div>\n<div class=\"WordSection1\" style=\"text-align: left;\">\n<div class=\"\">\n<div class=\"\">\n<div class=\"\">\n<div class=\"\">\n<div class=\"\"><b class=\"\"><span class=\"\">Nous nous engageons \u00e0 faire de <span class=\"texteBleu\"><strong>Larocque-Cournoyer ING\u00c9NIEURS<\/strong><\/span><\/span><\/b><\/div>\n<\/div>\n<\/div>\n<\/div>\n<\/div>\n<\/div>\n<div class=\"WordSection1\">\n<div class=\"\">\n<div class=\"\">\n<div class=\"\">\n<div class=\"\">\n<div class=\"\" style=\"text-align: left;\"><b class=\"\"><span class=\"\">l\u2019entreprise qui, en mati\u00e8re d\u2019ing\u00e9nierie, <\/span><\/b><b class=\"\"><span class=\"\">r\u00e9pond le mieux aux besoins et attentes de ses clients.<\/span><\/b><\/div>\n<\/div>\n<\/div>\n<\/div>\n<\/div>\n<\/div>\n<div class=\"WordSection1\">\n<div class=\"\">\n<div class=\"\">\n<div class=\"\"><\/div>\n<\/div>\n<\/div>\n<\/div>\n<p>[\/vc_column_text][vc_column_text][\/vc_column_text][\/vc_tta_section][vc_tta_section title=\u00a0\u00bbNotre approche \u00a0\u00bb tab_id=\u00a0\u00bb1587563633018-64355ffd-e7a9&Prime;][vc_column_text]<\/p>\n<div class=\"WordSection1\">\n<div class=\"\">\n<div class=\"\">\n<div class=\"\">\n<div class=\"\">\n<div class=\"\" style=\"text-align: center;\">\n<div class=\"WordSection1\">\n<div class=\"\">\n<div class=\"\">\n<div class=\"\">\n<div class=\"\">\n<p style=\"text-align: left;\">L\u2019approche de <span class=\"texteBleu\" style=\"text-align: left;\"><strong>Larocque \u2013 Cournoyer<\/strong><\/span>\u00a0consiste \u00e0 prendre le temps de bien comprendre les besoins de ses clients permettant ainsi de proposer des solutions r\u00e9pondant sp\u00e9cifiquement aux objectifs du projet.<\/p>\n<p style=\"text-align: left;\">Notre \u00e9quipe est anim\u00e9e d\u2019un esprit d\u2019entreprenariat et d\u2019innovation et vise \u00e0 offrir des services performants dans le cadre de solutions cr\u00e9atives. Respect, travail responsable, capacit\u00e9 d\u2019adaptation et d\u00e9sir d\u2019offrir un excellent service sont les fondements de notre culture d\u2019entreprise.<\/p>\n<p style=\"text-align: left;\"><span style=\"color: #2c3438; font-family: Open Sans, Helvetica, Arial, Verdana, sans-serif; font-size: medium;\">Afin d\u2019obtenir une constance tant \u00e0 l\u2019\u00e9laboration de ses projets, <\/span><strong>Larocque-Cournoyer<\/strong><span style=\"color: #2c3438; font-family: Open Sans, Helvetica, Arial, Verdana, sans-serif; font-size: medium;\">\u00a0<\/span>favorise l\u2019adoption d\u2019une approche par la mise en \u0153uvre et l\u2019am\u00e9lioration d\u2019un syst\u00e8me de gestion de la qualit\u00e9 bas\u00e9 sur la\u00a0<strong>Norme ISO 9001<\/strong>.<\/p>\n<p style=\"text-align: left;\">Elle repose sur huit principes de management de la qualit\u00e9, soit\u00a0:<\/p>\n<ul style=\"text-align: left;\">\n<li>L\u2019orientation client<\/li>\n<li>Le leadership<\/li>\n<li>L\u2019implication du personnel<\/li>\n<li>L\u2019approche par processus<\/li>\n<li>Le management par approche syst\u00e8me<\/li>\n<li>L\u2019am\u00e9lioration continue<\/li>\n<li>L\u2019approche factuelle pour la prise de d\u00e9cision<\/li>\n<li>Les relations mutuellement b\u00e9n\u00e9fiques avec les fournisseurs<\/li>\n<\/ul>\n<div style=\"text-align: left;\">Chez\u00a0<strong>Larocque-Cournoyer<\/strong>, nous avons fait le choix d\u2019adh\u00e9rer \u00e0 ces principes parce que nous croyons que notre succ\u00e8s passe d\u2019abord et avant tout par la satisfaction de nos clients et de nos partenaires d\u2019affaires.<\/div>\n<\/div>\n<\/div>\n<\/div>\n<\/div>\n<\/div>\n<\/div>\n<\/div>\n<\/div>\n<\/div>\n<\/div>\n<\/div>\n<p style=\"text-align: left;\">[\/vc_column_text][\/vc_tta_section][vc_tta_section title=\u00a0\u00bbNotre parcours\u00a0\u00bb tab_id=\u00a0\u00bb1587564527061-a8507173-fe06&Prime;][vc_column_text]C\u2019est en 2005 que <span class=\"texteBleu\" style=\"text-align: left;\"><strong>Larocque Groupe<\/strong><\/span>\u00a0voit le jour \u00e0 Drummondville. Son pr\u00e9sident, M. Michael Larocque, ing\u00e9nieur, d\u00e9marre alors sa toute premi\u00e8re entreprise. Fort d\u2019une exp\u00e9rience acquise comme ing\u00e9nieur charg\u00e9 de projet et \u00e9galement comme directeur d\u2019un d\u00e9partement d\u2019ing\u00e9nierie et directeur g\u00e9n\u00e9ral, il d\u00e9veloppe son r\u00e9seau d\u2019affaires et engage graduellement des techniciens\/dessinateurs afin de soutenir la croissance.<\/p>\n<p>Suivant ce m\u00eame \u00e9lan, c\u2019est en 2013 que M. Larocque int\u00e8gre la firme Tom Cournoyer Consultant de La Tuque. Firme d\u2019ing\u00e9nierie latuquoise cr\u00e9\u00e9e en 2008 par M. Tom Cournoyer, ing\u00e9nieur, la firme \u0153uvre principalement dans cette r\u00e9gion et y est reconnue pour l\u2019efficacit\u00e9 de ses services, rapides et exemplaires, sa comp\u00e9tence, sa relation client personnalis\u00e9e et sa compr\u00e9hension des enjeux qui touchent les projets de la Haute-Mauricie.<\/p>\n<p>De cette association est ainsi n\u00e9e <span class=\"texteBleu\" style=\"text-align: left;\"><strong>Larocque-Cournoyer ing\u00e9nieurs<\/strong><\/span>.<\/p>\n<p>En 2015, <span class=\"texteBleu\" style=\"text-align: left;\"><strong>Larocque-Cournoyer ing\u00e9nieurs<\/strong><\/span>\u00a0bonifie son offre de services aupr\u00e8s de sa client\u00e8le en proc\u00e9dant \u00e0 l\u2019embauche d\u2019une \u00e9quipe exp\u00e9riment\u00e9e en m\u00e9canique et \u00e9lectricit\u00e9 du b\u00e2timent et en infrastructure civile. L\u2019entreprise offre donc d\u00e8s lors les services complets d\u2019ing\u00e9nierie du b\u00e2timent sous un m\u00eame toit.<\/p>\n<p>En 2016, l\u2019entreprise devient finaliste dans la cat\u00e9gorie \u00ab\u00a0Service aux entreprises\u00a0\u00bb du Gala des Napol\u00e9ons organis\u00e9 par la Chambre de commerces et d\u2019industries de Drummond. Cette m\u00eame ann\u00e9e, afin de poursuivre son engagement \u00e0 offrir le meilleur service qui soit, l\u2019entreprise obtient la certification ISO 9001\u00a0:\u00a02015.<\/p>\n<p>En 2017, M. Larocque, soucieux de s\u2019impliquer dans son milieu, accepte la pr\u00e9sidence de la Soci\u00e9t\u00e9 de d\u00e9veloppement commercial du quartier Saint-Joseph \u00e0 Drummondville en se donnant, comme principal objectif, la revitalisation de ce quartier dans lequel il voit beaucoup de potentiel.<\/p>\n<p>\u00c0 ce jour, <span class=\"texteBleu\" style=\"text-align: left;\"><strong>Larocque-Cournoyer<\/strong><\/span>\u00a0compte plus de 2 000 projets r\u00e9alis\u00e9s. La grande diversit\u00e9 des projets r\u00e9alis\u00e9s dans les secteurs institutionnels, publics, priv\u00e9s, commerciaux, industriels et r\u00e9sidentiels conf\u00e8re \u00e0 l\u2019\u00e9quipe de <span class=\"texteBleu\" style=\"text-align: left;\"><strong>Larocque-Cournoyer <\/strong><\/span>une vaste exp\u00e9rience autant au niveau de la conception propre qu\u2019au niveau de la gestion des \u00e9ch\u00e9anciers, des contingences et des budgets.<\/p>\n","protected":false},"excerpt":{"rendered":"<p>[vc_row][vc_column el_class=\u00a0\u00bbLarocque &#8211; Cournoyer\u00a0\u00bb][vc_tta_tabs style=\u00a0\u00bbmodern\u00a0\u00bb color=\u00a0\u00bbblue\u00a0\u00bb spacing=\u00a0\u00bb20&Prime; active_section=\u00a0\u00bb1&Prime;][vc_tta_section title=\u00a0\u00bbNotre mission\u00a0\u00bb tab_id=\u00a0\u00bb1587563633017-33d8998c-04eb\u00a0\u00bb][vc_column_text] NOTRE MISSION Nous nous engageons \u00e0 faire de Larocque-Cournoyer ING\u00c9NIEURS l\u2019entreprise qui, en mati\u00e8re d\u2019ing\u00e9nierie, r\u00e9pond le mieux aux besoins et attentes de ses clients. [\/vc_column_text][vc_column_text][\/vc_column_text][\/vc_tta_section][vc_tta_section title=\u00a0\u00bbNotre approche \u00a0\u00bb tab_id=\u00a0\u00bb1587563633018-64355ffd-e7a9&Prime;][vc_column_text] L\u2019approche de Larocque \u2013 Cournoyer\u00a0consiste \u00e0 prendre le temps de bien comprendre les besoins&hellip;<\/p>\n","protected":false},"author":1,"featured_media":0,"parent":0,"menu_order":1,"comment_status":"closed","ping_status":"closed","template":"","meta":[],"_links":{"self":[{"href":"http:\/\/lc-ing.com\/lc-test\/wp-json\/wp\/v2\/pages\/24"}],"collection":[{"href":"http:\/\/lc-ing.com\/lc-test\/wp-json\/wp\/v2\/pages"}],"about":[{"href":"http:\/\/lc-ing.com\/lc-test\/wp-json\/wp\/v2\/types\/page"}],"author":[{"embeddable":true,"href":"http:\/\/lc-ing.com\/lc-test\/wp-json\/wp\/v2\/users\/1"}],"replies":[{"embeddable":true,"href":"http:\/\/lc-ing.com\/lc-test\/wp-json\/wp\/v2\/comments?post=24"}],"version-history":[{"count":27,"href":"http:\/\/lc-ing.com\/lc-test\/wp-json\/wp\/v2\/pages\/24\/revisions"}],"predecessor-version":[{"id":550,"href":"http:\/\/lc-ing.com\/lc-test\/wp-json\/wp\/v2\/pages\/24\/revisions\/550"}],"wp:attachment":[{"href":"http:\/\/lc-ing.com\/lc-test\/wp-json\/wp\/v2\/media?parent=24"}],"curies":[{"name":"wp","href":"https:\/\/api.w.org\/{rel}","templated":true}]}}