{"id":30,"date":"2016-04-24T09:41:01","date_gmt":"2016-04-24T13:41:01","guid":{"rendered":"http:\/\/lc-ing.com\/lc-test\/?page_id=30"},"modified":"2016-11-16T12:25:53","modified_gmt":"2016-11-16T17:25:53","slug":"services","status":"publish","type":"page","link":"http:\/\/lc-ing.com\/lc-test\/services\/","title":{"rendered":"Services"},"content":{"rendered":"<p>[vc_row][vc_column width=\u00a0\u00bb1\/2&Prime; css=\u00a0\u00bb.vc_custom_1464094201502{margin-bottom: 30px !important;}\u00a0\u00bb]<div class=\"dt-fancy-separator title-left h1-size style-disabled accent-title-color\" style=\"width: 100%;\"><div class=\"dt-fancy-title\"><span class=\"separator-holder separator-left\"><\/span>Services g\u00e9n\u00e9raux<span class=\"separator-holder separator-right\"><\/span><\/div><\/div><div class=\"standard-arrow bullet-top\"><ul>\n<li>Expertise<\/li>\n<li>\u00c9tude de faisabilit\u00e9<\/li>\n<li>\u00c9tude pr\u00e9liminaire<\/li>\n<li>Plans et devis<\/li>\n<li>Assistance technique<\/li>\n<li>Services durant la construction<\/li>\n<li>Gestion de projet<\/li>\n<li>G\u00e9rance de construction<\/li>\n<\/ul>\n<\/div>[\/vc_column][vc_column width=\u00a0\u00bb1\/2&Prime;]<div class=\"dt-fancy-separator title-left h1-size style-disabled accent-title-color\" style=\"width: 100%;\"><div class=\"dt-fancy-title\"><span class=\"separator-holder separator-left\"><\/span>Secteurs d\u2019activit\u00e9<span class=\"separator-holder separator-right\"><\/span><\/div><\/div><div class=\"standard-arrow bullet-top\"><ul>\n<li>B\u00e2timent commercial \/ industriel \/ institutionnel<\/li>\n<li>B\u00e2timent hospitalier \/ h\u00f4telier \/ r\u00e9cr\u00e9ationnel \/ complexe r\u00e9sidentiel<\/li>\n<li>Municipal<\/li>\n<li>Transport<\/li>\n<li>L\u00e9gal<\/li>\n<\/ul>\n<\/div>[\/vc_column][\/vc_row][vc_row][vc_column][vc_separator color=\u00a0\u00bbcustom\u00a0\u00bb accent_color=\u00a0\u00bb#2055b2&Prime;][\/vc_column][\/vc_row][vc_row][vc_column][vc_tta_tabs style=\u00a0\u00bbmodern\u00a0\u00bb color=\u00a0\u00bbblue\u00a0\u00bb spacing=\u00a0\u00bb20&Prime; active_section=\u00a0\u00bb1&Prime; pagination_style=\u00a0\u00bbflat-round\u00a0\u00bb pagination_color=\u00a0\u00bbblue\u00a0\u00bb][vc_tta_section title=\u00a0\u00bbSTRUCTURE\u00a0\u00bb tab_id=\u00a0\u00bb1476134384734-9da53019-ef46&Prime;]<div class=\"standard-arrow list-divider bullet-top\"><div class=\"vc_tta-panel-body\">\n<div class=\"standard-arrow list-divider bullet-top\">\n<ul>\n<li><span class=\"s2\">Structure en bois<\/span><\/li>\n<li><span class=\"s2\">Structure en b\u00e9ton<\/span><\/li>\n<li><span class=\"s2\">Structure d\u2019acier<\/span><\/li>\n<\/ul>\n<\/div>\n<\/div>\n<\/div>[\/vc_tta_section][vc_tta_section title=\u00a0\u00bbOUVRAGE D&rsquo;ARTS\u00a0\u00bb tab_id=\u00a0\u00bb1476134384736-557ace1b-8b8e\u00a0\u00bb]<div class=\"standard-arrow bullet-top\"><div class=\"vc_tta-panel-body\">\n<div class=\"standard-arrow list-divider bullet-top\">\n<ul>\n<li><span class=\"s2\">Ponts \u00e0 structure d\u2019acier avec fondations en bois ou en b\u00e9ton<\/span><\/li>\n<li><span class=\"s2\">Ponts avec tablier d\u2019acier, de bois ou de b\u00e9ton<\/span><\/li>\n<li><span class=\"s2\">Ponts temporaires de type Bailey ou autres<\/span><\/li>\n<li><span class=\"s2\">Ponts pour charges vari\u00e9es: pi\u00e9tons \u00e0 camions hors-normes de 175 tonnes<\/span><\/li>\n<li><span class=\"s2\">Ponceaux en acier, en b\u00e9ton ou en poly\u00e9thyl\u00e8ne<\/span><\/li>\n<li><span class=\"s2\">Calcul de capacit\u00e9 portante<\/span><\/li>\n<\/ul>\n<\/div>\n<\/div>\n<\/div>[\/vc_tta_section][vc_tta_section title=\u00a0\u00bbINFRASTRUCTURE\u00a0\u00bb tab_id=\u00a0\u00bb1476134733039-28d94f37-1c92&Prime;]<div class=\"standard-arrow bullet-top\"><div class=\"vc_tta-panel-body\">\n<div class=\"standard-arrow list-divider bullet-top\">\n<ul>\n<li><span class=\"s2\">Am\u00e9nagements ext\u00e9rieurs (voies de circulation et stationnements, sout\u00e8nements, dalles de b\u00e9ton et trottoirs, am\u00e9nagements paysagers)<\/span><\/li>\n<li><span class=\"s2\">\u00c9tude de caract\u00e9risation environnementale phase 1<\/span><\/li>\n<li><span class=\"s2\">Drainage (captage, transport et r\u00e9tention des d\u00e9bits de pointe) et assistance pour la mise en \u0153uvre du Guide de gestion des eaux pluviales du minist\u00e8re du D\u00e9veloppement durable, de l\u2019Environnement et de la Lutte contre les changements climatiques<\/span><\/li>\n<li><span class=\"s2\">Eau potable et protection incendie (conduites, bornes-fontaines, P.I.V.)<\/span><\/li>\n<li><span class=\"s2\">Ouvrages en terre (digues, r\u00e9servoirs, lacs artificiels, etc.)<\/span><\/li>\n<li><span class=\"s2\">Projets promoteurs<\/span><\/li>\n<li><span class=\"s2\">Instrumentation et contr\u00f4le<\/span><\/li>\n<li><span class=\"s2\">Signalisation<\/span><\/li>\n<\/ul>\n<\/div>\n<\/div>\n<\/div>[\/vc_tta_section][vc_tta_section title=\u00a0\u00bbM\u00c9CANIQUE ET \u00c9LECTRICIT\u00c9 DU B\u00c2TIMENT\u00a0\u00bb tab_id=\u00a0\u00bb1476134791983-cf1a06ae-c0b4&Prime;]<div class=\"standard-arrow bullet-top\"><div class=\"vc_tta-panel-body\">\n<div class=\"standard-arrow list-divider bullet-top\">\n<ul>\n<li><span class=\"s2\">R\u00e9seaux de drainage sanitaire, pluvial, \u00e9vent, entr\u00e9e d\u2019eau, r\u00e9seau de distribution d\u2019eau domestique<\/span><\/li>\n<li><span class=\"s2\">R\u00e9seaux d\u2019eau de chauffage et\/ou de refroidissement, chaufferie, refroidisseurs d\u2019eau et tour d\u2019eau<\/span><\/li>\n<li><span class=\"s2\">R\u00e9seau de gaz naturel, air comprim\u00e9<\/span><\/li>\n<li><span class=\"s2\">Syst\u00e8mes de ventilation\/chauffage\/climatisation avec des unit\u00e9s de toit, centrale d\u2019air, r\u00e9cup\u00e9rateur d\u2019\u00e9nergie, syst\u00e8me de contr\u00f4le centralis\u00e9<\/span><\/li>\n<li><span class=\"s2\">Protection incendie<\/span><\/li>\n<li><span class=\"s2\">Conception des entr\u00e9es \u00e9lectriques et la distribution \u00e9lectrique normale et d\u2019urgence, incluant les prises, les interrupteurs, l\u2019\u00e9clairage int\u00e9rieur et ext\u00e9rieur, les stationnements<\/span><\/li>\n<li><span class=\"s2\">Syst\u00e8mes d\u2019alarme incendie, contr\u00f4le d\u2019acc\u00e8s, coordination pour les r\u00e9seaux de t\u00e9l\u00e9phonie,<\/span><\/li>\n<li><span class=\"s2\">informatique, intrusion, syst\u00e8mes d\u2019appel de garde<\/span><\/li>\n<\/ul>\n<\/div>\n<\/div>\n<\/div>[\/vc_tta_section][\/vc_tta_tabs][\/vc_column][\/vc_row]<\/p>\n","protected":false},"excerpt":{"rendered":"<p>[vc_row][vc_column width=\u00a0\u00bb1\/2&Prime; css=\u00a0\u00bb.vc_custom_1464094201502{margin-bottom: 30px !important;}\u00a0\u00bb][\/vc_column][vc_column width=\u00a0\u00bb1\/2&Prime;][\/vc_column][\/vc_row][vc_row][vc_column][vc_separator color=\u00a0\u00bbcustom\u00a0\u00bb accent_color=\u00a0\u00bb#2055b2&Prime;][\/vc_column][\/vc_row][vc_row][vc_column][vc_tta_tabs style=\u00a0\u00bbmodern\u00a0\u00bb color=\u00a0\u00bbblue\u00a0\u00bb spacing=\u00a0\u00bb20&Prime; active_section=\u00a0\u00bb1&Prime; pagination_style=\u00a0\u00bbflat-round\u00a0\u00bb pagination_color=\u00a0\u00bbblue\u00a0\u00bb][vc_tta_section title=\u00a0\u00bbSTRUCTURE\u00a0\u00bb tab_id=\u00a0\u00bb1476134384734-9da53019-ef46&Prime;][\/vc_tta_section][vc_tta_section title=\u00a0\u00bbOUVRAGE D&rsquo;ARTS\u00a0\u00bb tab_id=\u00a0\u00bb1476134384736-557ace1b-8b8e\u00a0\u00bb][\/vc_tta_section][vc_tta_section title=\u00a0\u00bbINFRASTRUCTURE\u00a0\u00bb tab_id=\u00a0\u00bb1476134733039-28d94f37-1c92&Prime;][\/vc_tta_section][vc_tta_section title=\u00a0\u00bbM\u00c9CANIQUE ET \u00c9LECTRICIT\u00c9 DU B\u00c2TIMENT\u00a0\u00bb tab_id=\u00a0\u00bb1476134791983-cf1a06ae-c0b4&Prime;][\/vc_tta_section][\/vc_tta_tabs][\/vc_column][\/vc_row]<\/p>\n","protected":false},"author":1,"featured_media":0,"parent":0,"menu_order":4,"comment_status":"closed","ping_status":"closed","template":"","meta":[],"_links":{"self":[{"href":"http:\/\/lc-ing.com\/lc-test\/wp-json\/wp\/v2\/pages\/30"}],"collection":[{"href":"http:\/\/lc-ing.com\/lc-test\/wp-json\/wp\/v2\/pages"}],"about":[{"href":"http:\/\/lc-ing.com\/lc-test\/wp-json\/wp\/v2\/types\/page"}],"author":[{"embeddable":true,"href":"http:\/\/lc-ing.com\/lc-test\/wp-json\/wp\/v2\/users\/1"}],"replies":[{"embeddable":true,"href":"http:\/\/lc-ing.com\/lc-test\/wp-json\/wp\/v2\/comments?post=30"}],"version-history":[{"count":33,"href":"http:\/\/lc-ing.com\/lc-test\/wp-json\/wp\/v2\/pages\/30\/revisions"}],"predecessor-version":[{"id":397,"href":"http:\/\/lc-ing.com\/lc-test\/wp-json\/wp\/v2\/pages\/30\/revisions\/397"}],"wp:attachment":[{"href":"http:\/\/lc-ing.com\/lc-test\/wp-json\/wp\/v2\/media?parent=30"}],"curies":[{"name":"wp","href":"https:\/\/api.w.org\/{rel}","templated":true}]}}