{"id":32,"date":"2016-04-24T09:44:09","date_gmt":"2016-04-24T13:44:09","guid":{"rendered":"http:\/\/lc-ing.com\/lc-test\/?page_id=32"},"modified":"2019-05-09T13:06:35","modified_gmt":"2019-05-09T17:06:35","slug":"realisations","status":"publish","type":"page","link":"http:\/\/lc-ing.com\/lc-test\/realisations\/","title":{"rendered":"R\u00e9alisations"},"content":{"rendered":"<p>[vc_row][vc_column]<div class=\"dt-fancy-separator h1-size accent-title-color\" style=\"width: 100%;\"><div class=\"dt-fancy-title\"><span class=\"separator-holder separator-left\" style=\"border-color: #ffffff;\"><\/span>R\u00e9alisations<span class=\"separator-holder separator-right\" style=\"border-color: #ffffff;\"><\/span><\/div><\/div>[\/vc_column][\/vc_row][vc_row][vc_column][vc_column_text]<\/p>\n<p style=\"text-align: center;\">Il nous fait plaisir de vous pr\u00e9senter quelques-uns des projets qui ont \u00e9t\u00e9 r\u00e9alis\u00e9s par nos diff\u00e9rents charg\u00e9s de projet.<\/p>\n<p>[\/vc_column_text][\/vc_column][\/vc_row]<\/p>\n","protected":false},"excerpt":{"rendered":"<p>[vc_row][vc_column][\/vc_column][\/vc_row][vc_row][vc_column][vc_column_text] Il nous fait plaisir de vous pr\u00e9senter quelques-uns des projets qui ont \u00e9t\u00e9 r\u00e9alis\u00e9s par nos diff\u00e9rents charg\u00e9s de projet. [\/vc_column_text][\/vc_column][\/vc_row]<\/p>\n","protected":false},"author":1,"featured_media":0,"parent":0,"menu_order":5,"comment_status":"closed","ping_status":"closed","template":"template-portfolio-masonry.php","meta":[],"_links":{"self":[{"href":"http:\/\/lc-ing.com\/lc-test\/wp-json\/wp\/v2\/pages\/32"}],"collection":[{"href":"http:\/\/lc-ing.com\/lc-test\/wp-json\/wp\/v2\/pages"}],"about":[{"href":"http:\/\/lc-ing.com\/lc-test\/wp-json\/wp\/v2\/types\/page"}],"author":[{"embeddable":true,"href":"http:\/\/lc-ing.com\/lc-test\/wp-json\/wp\/v2\/users\/1"}],"replies":[{"embeddable":true,"href":"http:\/\/lc-ing.com\/lc-test\/wp-json\/wp\/v2\/comments?post=32"}],"version-history":[{"count":10,"href":"http:\/\/lc-ing.com\/lc-test\/wp-json\/wp\/v2\/pages\/32\/revisions"}],"predecessor-version":[{"id":440,"href":"http:\/\/lc-ing.com\/lc-test\/wp-json\/wp\/v2\/pages\/32\/revisions\/440"}],"wp:attachment":[{"href":"http:\/\/lc-ing.com\/lc-test\/wp-json\/wp\/v2\/media?parent=32"}],"curies":[{"name":"wp","href":"https:\/\/api.w.org\/{rel}","templated":true}]}}